{"id":1365,"date":"2021-01-18T16:46:27","date_gmt":"2021-01-18T13:46:27","guid":{"rendered":"https:\/\/oedcihazi.com\/?post_type=product&#038;p=1365"},"modified":"2024-07-20T11:35:34","modified_gmt":"2024-07-20T08:35:34","slug":"zoll-oed-icin-elektrod-pedi","status":"publish","type":"product","link":"https:\/\/oedcihazi.com\/index.php\/urun\/zoll-oed-icin-elektrod-pedi\/","title":{"rendered":"Zoll OED i\u00e7in Yeti\u015fkin Elektrod Pedi"},"content":{"rendered":"<p>Zoll marka OED cihazlar\u0131ndan PLUS ve PRO modelleri i\u00e7in uyumlu olan yeti\u015fkin pedidir.<\/p>\n","protected":false},"excerpt":{"rendered":"<p>Zoll marka OED cihazlar\u0131ndan PLUS ve PRO modelleri i\u00e7in uyumlu olan yeti\u015fkin pedidir.<\/p>\n","protected":false},"featured_media":1368,"comment_status":"open","ping_status":"closed","template":"","meta":{"spay_email":""},"_links":{"self":[{"href":"https:\/\/oedcihazi.com\/index.php\/wp-json\/wp\/v2\/product\/1365"}],"collection":[{"href":"https:\/\/oedcihazi.com\/index.php\/wp-json\/wp\/v2\/product"}],"about":[{"href":"https:\/\/oedcihazi.com\/index.php\/wp-json\/wp\/v2\/types\/product"}],"replies":[{"embeddable":true,"href":"https:\/\/oedcihazi.com\/index.php\/wp-json\/wp\/v2\/comments?post=1365"}],"wp:featuredmedia":[{"embeddable":true,"href":"https:\/\/oedcihazi.com\/index.php\/wp-json\/wp\/v2\/media\/1368"}],"wp:attachment":[{"href":"https:\/\/oedcihazi.com\/index.php\/wp-json\/wp\/v2\/media?parent=1365"}],"curies":[{"name":"wp","href":"https:\/\/api.w.org\/{rel}","templated":true}]}}