{"id":1354,"date":"2021-01-18T14:53:04","date_gmt":"2021-01-18T11:53:04","guid":{"rendered":"https:\/\/oedcihazi.com\/?post_type=product&#038;p=1354"},"modified":"2021-01-18T14:53:05","modified_gmt":"2021-01-18T11:53:05","slug":"physio-control-lifepak-express-oed-cihazi","status":"publish","type":"product","link":"https:\/\/oedcihazi.com\/index.php\/urun\/physio-control-lifepak-express-oed-cihazi\/","title":{"rendered":"Physio-Control LIFEPAK EXPRESS OED Cihaz\u0131"},"content":{"rendered":"<p>Physio-Control LIFEPAK EXPRESS, k\u00fc\u00e7\u00fck ve ta\u015f\u0131mas\u0131 kolay olup daha pahal\u0131 muadillerinin bar\u0131nd\u0131\u011f\u0131 kimi \u00f6zellikleri ta\u015f\u0131maktad\u0131r ve b\u00fct\u00e7e dostudur.<\/p>\n","protected":false},"excerpt":{"rendered":"<p>Physio-Control LIFEPAK EXPRESS, k\u00fc\u00e7\u00fck ve ta\u015f\u0131mas\u0131 kolay olup daha pahal\u0131 muadillerinin bar\u0131nd\u0131\u011f\u0131 kimi \u00f6zellikleri ta\u015f\u0131maktad\u0131r ve b\u00fct\u00e7e dostudur.<\/p>\n","protected":false},"featured_media":1355,"comment_status":"open","ping_status":"closed","template":"","meta":{"spay_email":""},"_links":{"self":[{"href":"https:\/\/oedcihazi.com\/index.php\/wp-json\/wp\/v2\/product\/1354"}],"collection":[{"href":"https:\/\/oedcihazi.com\/index.php\/wp-json\/wp\/v2\/product"}],"about":[{"href":"https:\/\/oedcihazi.com\/index.php\/wp-json\/wp\/v2\/types\/product"}],"replies":[{"embeddable":true,"href":"https:\/\/oedcihazi.com\/index.php\/wp-json\/wp\/v2\/comments?post=1354"}],"wp:featuredmedia":[{"embeddable":true,"href":"https:\/\/oedcihazi.com\/index.php\/wp-json\/wp\/v2\/media\/1355"}],"wp:attachment":[{"href":"https:\/\/oedcihazi.com\/index.php\/wp-json\/wp\/v2\/media?parent=1354"}],"curies":[{"name":"wp","href":"https:\/\/api.w.org\/{rel}","templated":true}]}}