{"id":1336,"date":"2021-01-18T13:52:07","date_gmt":"2021-01-18T10:52:07","guid":{"rendered":"https:\/\/oedcihazi.com\/?post_type=product&#038;p=1336"},"modified":"2021-01-18T13:52:07","modified_gmt":"2021-01-18T10:52:07","slug":"philips-heartstart-onsite-oed","status":"publish","type":"product","link":"https:\/\/oedcihazi.com\/index.php\/urun\/philips-heartstart-onsite-oed\/","title":{"rendered":"Philips HeartStart OnSite OED"},"content":{"rendered":"<p>Philips HeartStart OnSite AED cihaz\u0131, s\u0131rdan insanlar\u0131n bile herhangi bir kalp durmas\u0131 durumuna kolayl\u0131kla m\u00fcdahale edebilmesini sa\u011flamak \u00fczere tasarlanm\u0131\u015ft\u0131r. Kolay kurulum imkan\u0131 ve sesli y\u00f6nlendirme sistemi gibi y\u00f6nlendirici \u00f6zellikleri ile kullan\u0131c\u0131ya yard\u0131mc\u0131 olur.<\/p>\n","protected":false},"excerpt":{"rendered":"<p>Philips HeartStart OnSite AED cihaz\u0131, s\u0131rdan insanlar\u0131n bile herhangi bir kalp durmas\u0131 durumuna kolayl\u0131kla m\u00fcdahale edebilmesini sa\u011flamak \u00fczere tasarlanm\u0131\u015ft\u0131r. Kolay kurulum imkan\u0131 ve sesli y\u00f6nlendirme sistemi gibi y\u00f6nlendirici \u00f6zellikleri ile kullan\u0131c\u0131ya yard\u0131mc\u0131 olur.<\/p>\n","protected":false},"featured_media":1338,"comment_status":"open","ping_status":"closed","template":"","meta":{"spay_email":""},"_links":{"self":[{"href":"https:\/\/oedcihazi.com\/index.php\/wp-json\/wp\/v2\/product\/1336"}],"collection":[{"href":"https:\/\/oedcihazi.com\/index.php\/wp-json\/wp\/v2\/product"}],"about":[{"href":"https:\/\/oedcihazi.com\/index.php\/wp-json\/wp\/v2\/types\/product"}],"replies":[{"embeddable":true,"href":"https:\/\/oedcihazi.com\/index.php\/wp-json\/wp\/v2\/comments?post=1336"}],"wp:featuredmedia":[{"embeddable":true,"href":"https:\/\/oedcihazi.com\/index.php\/wp-json\/wp\/v2\/media\/1338"}],"wp:attachment":[{"href":"https:\/\/oedcihazi.com\/index.php\/wp-json\/wp\/v2\/media?parent=1336"}],"curies":[{"name":"wp","href":"https:\/\/api.w.org\/{rel}","templated":true}]}}