{"id":1308,"date":"2021-01-14T17:55:12","date_gmt":"2021-01-14T14:55:12","guid":{"rendered":"https:\/\/oedcihazi.com\/?post_type=product&#038;p=1308"},"modified":"2021-01-14T17:56:46","modified_gmt":"2021-01-14T14:56:46","slug":"defibtech-lifeline-view-ecg-pro-modelileri-icin-ped","status":"publish","type":"product","link":"https:\/\/oedcihazi.com\/index.php\/urun\/defibtech-lifeline-view-ecg-pro-modelileri-icin-ped\/","title":{"rendered":"Defibtech Lifeline VIEW\/ECG\/PRO Modelileri \u0130\u00e7in Ped [Yeti\u015fkinler \u0130\u00e7in]"},"content":{"rendered":"<p>Defibtech Lifeline VIEW\/ECG\/PRO Modelileri \u0130\u00e7in Ped [Yeti\u015fkinler \u0130\u00e7in]<\/p>\n","protected":false},"excerpt":{"rendered":"<p>Defibtech Lifeline VIEW\/ECG\/PRO Modelileri \u0130\u00e7in Ped [Yeti\u015fkinler \u0130\u00e7in]<\/p>\n","protected":false},"featured_media":1309,"comment_status":"open","ping_status":"closed","template":"","meta":{"spay_email":""},"_links":{"self":[{"href":"https:\/\/oedcihazi.com\/index.php\/wp-json\/wp\/v2\/product\/1308"}],"collection":[{"href":"https:\/\/oedcihazi.com\/index.php\/wp-json\/wp\/v2\/product"}],"about":[{"href":"https:\/\/oedcihazi.com\/index.php\/wp-json\/wp\/v2\/types\/product"}],"replies":[{"embeddable":true,"href":"https:\/\/oedcihazi.com\/index.php\/wp-json\/wp\/v2\/comments?post=1308"}],"wp:featuredmedia":[{"embeddable":true,"href":"https:\/\/oedcihazi.com\/index.php\/wp-json\/wp\/v2\/media\/1309"}],"wp:attachment":[{"href":"https:\/\/oedcihazi.com\/index.php\/wp-json\/wp\/v2\/media?parent=1308"}],"curies":[{"name":"wp","href":"https:\/\/api.w.org\/{rel}","templated":true}]}}